{"id":2909,"date":"2021-03-13T20:40:32","date_gmt":"2021-03-13T19:40:32","guid":{"rendered":"https:\/\/www.laboratoridau.com\/politica-de-cookies\/"},"modified":"2021-09-08T19:15:01","modified_gmt":"2021-09-08T17:15:01","slug":"politica-de-cookies","status":"publish","type":"page","link":"https:\/\/www.laboratoridau.com\/ca\/politica-de-cookies\/","title":{"rendered":"Pol\u00edtica de cookies"},"content":{"rendered":"<div class=\"fusion-fullwidth fullwidth-box fusion-builder-row-1 fusion-flex-container franja legal nonhundred-percent-fullwidth non-hundred-percent-height-scrolling\" style=\"--awb-border-radius-top-left:0px;--awb-border-radius-top-right:0px;--awb-border-radius-bottom-right:0px;--awb-border-radius-bottom-left:0px;--awb-flex-wrap:wrap;\" ><div class=\"fusion-builder-row fusion-row fusion-flex-align-items-flex-start fusion-flex-content-wrap\" style=\"max-width:1664px;margin-left: calc(-4% \/ 2 );margin-right: calc(-4% \/ 2 );\"><div class=\"fusion-layout-column fusion_builder_column fusion-builder-column-0 fusion_builder_column_1_1 1_1 fusion-flex-column\" style=\"--awb-bg-size:cover;--awb-width-large:100%;--awb-margin-top-large:0px;--awb-spacing-right-large:1.92%;--awb-margin-bottom-large:0px;--awb-spacing-left-large:1.92%;--awb-width-medium:100%;--awb-spacing-right-medium:1.92%;--awb-spacing-left-medium:1.92%;--awb-width-small:100%;--awb-spacing-right-small:1.92%;--awb-spacing-left-small:1.92%;\"><div class=\"fusion-column-wrapper fusion-flex-justify-content-flex-start fusion-content-layout-column\"><div class=\"fusion-title title fusion-title-1 fusion-sep-none fusion-title-text fusion-title-size-one\"><h1 class=\"fusion-title-heading title-heading-left fusion-responsive-typography-calculated\" style=\"margin:0;--fontSize:40;line-height:1.4;\">Pol\u00edtica de cookies<\/h1><\/div><div class=\"fusion-separator fusion-full-width-sep\" style=\"align-self: center;margin-left: auto;margin-right: auto;width:100%;\"><\/div><div class=\"fusion-text fusion-text-1\"><p>En compliment del deure d\u2019informaci\u00f3 recollit a l\u2019apartat 2n de l\u2019article 22 de la Llei 34\/2002, d\u201911 de juliol, de serveis de la societat de la informaci\u00f3 i del comer\u00e7 electr\u00f2nic, us informem de manera clara i precisa sobre les cookies que s\u2019utilitzen a la p\u00e0gina web de Laboratori DAU.<\/p>\n<h3>Qu\u00e8 s\u00f3n les cookies?<\/h3>\n<p>Una cookie \u00e9s un petit fitxer que els llocs web envien al navegador i que es descarreguen al vostre ordinador. Les cookies permeten que la p\u00e0gina web emmagatzemi i recuperi la informaci\u00f3 sobre la vostra visita, com ara el vostre idioma preferit i altres opcions, amb la finalitat de millorar els serveis que s\u2019ofereixen perqu\u00e8 l\u2019usuari tingui aix\u00ed una experi\u00e8ncia de navegaci\u00f3 millor.<\/p>\n<h3>Autoritzaci\u00f3 per a l\u2019\u00fas de cookies<\/h3>\n<p>De conformitat amb l\u2019av\u00eds de cookies que apareix al lloc web, l\u2019usuari accepta que, quan hi navega, consent expressament l\u2019\u00fas de cookies segons la descripci\u00f3 que es detalla a continuaci\u00f3, sense perjudici que pugui modificar la configuraci\u00f3 del seu navegador per rebutjar l\u2019\u00fas de les cookies.<\/p>\n<h3>Tipus de cookies<\/h3>\n<p>En funci\u00f3 de qui gestioni el domini des d\u2019on s\u2019envien les cookies i es tracten les dades, es distingir\u00e0 entre cookies pr\u00f2pies i cookies de tercers.<\/p>\n<p>Les cookies tamb\u00e9 poden classificar-se segons el temps que romanguin emmagatzemades dins el navegador de l\u2019usuari, i es distingeix entre cookies de sessi\u00f3 i cookies persistents.<\/p>\n<p>Finalment, segons la finalitat per a la qual es tracti la informaci\u00f3 recopilada, les cookies es poden classificar en les seg\u00fcents categories:<\/p>\n<ul>\n<li><strong>Cookies t\u00e8cniques<\/strong>: permeten a l\u2019usuari navegar per un lloc web i fer \u00fas d\u2019alguns dels serveis que s\u2019hi ofereixen, com, per exemple, les que serveixen per recordar els elements que integren una cistella de compra.<\/li>\n<li><strong>Cookies de personalitzaci\u00f3<\/strong>: permeten que l\u2019usuari accedeixi al lloc web amb unes caracter\u00edstiques determinades, com, per exemple, l\u2019idioma.<\/li>\n<li><strong>Cookies de seguretat<\/strong>: serveixen per impedir o dificultar els atacs contra el lloc web.<\/li>\n<li><strong>Cookies de complement per intercanviar continguts socials<\/strong>: els anomenats plug-in,\u00a0que permeten compartir continguts a les xarxes socials.<\/li>\n<li><strong>Cookies d\u2019an\u00e0lisi<\/strong>: permeten al responsable fer el seguiment del comportament de l\u2019usuari. \u2022 Cookies publicit\u00e0ries: permeten gestionar els espais de publicitat del lloc web.<\/li>\n<li><strong>Cookies de publicitat comportamental<\/strong>: com les anteriors, serveixen per gestionar els espais de publicitat del lloc web en funci\u00f3 de la informaci\u00f3 recollida sobre el comportament de l\u2019usuari i els seus h\u00e0bits, i adapten la publicitat al perfil de l\u2019usuari.<\/li>\n<li><strong>Cookies de geolocalitzaci\u00f3<\/strong>: utilitzades per esbrinar el pa\u00eds on es troba l\u2019usuari.<\/li>\n<\/ul>\n<h3>Com es pot modificar la configuraci\u00f3 de les cookies<\/h3>\n<p>Podeu restringir, bloquejar o esborrar les cookies de Laboratori DAU o de qualsevol altre p\u00e0gina web gr\u00e0cies al vostre navegador. A cada navegador l\u2019operativa \u00e9s diferent, podeu trobar com fer-ho al men\u00fa d\u2019ajuda del vostre navegador, on s\u2019estableix el procediment per a la seva eliminaci\u00f3. Per a m\u00e9s informaci\u00f3:<\/p>\n<p>Google Chrome<br \/>\n<a href=\"https:\/\/support.google.com\/chrome\/answer\/95647?co=GENIE.Platform%3DDesktop&amp;hl=es\" target=\"_blank\" rel=\"noopener\">https:\/\/support.google.com\/chrome\/answer\/95647?co=GENIE.Platform%3DDesktop&amp;hl=es<\/a><\/p>\n<p>Mozilla Firefox<br \/>\n<a href=\"https:\/\/support.mozilla.org\/es\/kb\/habilitar-y-deshabilitar-cookies-sitios-web-rastrear-preferencias\" target=\"_blank\" rel=\"noopener\">https:\/\/support.mozilla.org\/es\/kb\/habilitar-y-deshabilitar-cookies-sitios-web-rastrear-preferencias<\/a><\/p>\n<p>Safari<br \/>\n<a href=\"https:\/\/support.apple.com\/es-es\/guide\/safari\/sfri11471\/mac\" target=\"_blank\" rel=\"noopener\">https:\/\/support.apple.com\/es-es\/guide\/safari\/sfri11471\/mac<\/a><\/p>\n<p>Internet Explorer<br \/>\n<a href=\"https:\/\/support.microsoft.com\/es-es\/help\/278835\/how-to-delete-cookie-files-in-internet-explorer\" target=\"_blank\" rel=\"noopener\">https:\/\/support.microsoft.com\/es-es\/help\/278835\/how-to-delete-cookie-files-in-internet-explorer<\/a><\/p>\n<p>\u00c9s possible que en deshabilitar les cookies la p\u00e0gina web no funcioni correctament o que no pugueu accedir a algunes de les seves funcions.<\/p>\n<h3>Cookies utilitzades a la web<\/h3>\n<p>Al portal web s\u2019utilitzen diferents tipus de cookies amb diverses finalitats. A continuaci\u00f3 s\u2019enumeren les cookies emprades:<\/p>\n<\/div>\n<div class=\"table-1\">\n<table width=\"100%\">\n<thead>\n<tr>\n<th align=\"left\">Tipus<\/th>\n<th align=\"left\">Cookie<\/th>\n<th align=\"left\">Durada<\/th>\n<th align=\"left\">\u00das<\/th>\n<th align=\"left\">Pol\u00edtica<\/th>\n<\/tr>\n<\/thead>\n<tbody>\n<tr>\n<td align=\"left\">Anal\u00edtica<\/td>\n<td align=\"left\">_ga<\/td>\n<td align=\"left\">2 anys<\/td>\n<td align=\"left\">Compta quantes persones visiten la web i rastreja si l\u2019han visitat abans<\/td>\n<td align=\"left\">Google Analytics<\/td>\n<\/tr>\n<tr>\n<td align=\"left\">Anal\u00edtica<\/td>\n<td align=\"left\">_gid<\/td>\n<td align=\"left\">24 hores<\/td>\n<td align=\"left\">Compta quantes persones visiten la web i rastreja si l\u2019han visitat abans<\/td>\n<td align=\"left\">Google Analytics<\/td>\n<\/tr>\n<tr>\n<td align=\"left\">Anal\u00edtica<\/td>\n<td align=\"left\">_ga<\/td>\n<td align=\"left\">1 minut<\/td>\n<td align=\"left\">Limita el percentatge de sol\u00b7licituds<\/td>\n<td align=\"left\">Google Analytics<\/td>\n<\/tr>\n<tr>\n<td align=\"left\">Gestor de contingut<\/td>\n<td align=\"left\">PHPSESSID<\/td>\n<td align=\"left\">Durant la sessi\u00f3<\/td>\n<td align=\"left\">Emmagatzema un identificador \u00fanic per sessi\u00f3 per vincular dades necess\u00e0ries per a la navegaci\u00f3 en curs<\/td>\n<td align=\"left\">&#8211;<\/td>\n<\/tr>\n<\/tbody>\n<\/table>\n<\/div>\n<div class=\"fusion-separator fusion-full-width-sep\" style=\"align-self: center;margin-left: auto;margin-right: auto;width:100%;\"><\/div><div class=\"fusion-text fusion-text-2\"><p>Pol\u00edtica de Google Analytics: <a href=\"https:\/\/developers.google.com\/analytics\/devguides\/collection\/analyticsjs\/cookie-usage\" target=\"_blank\" rel=\"noopener\">https:\/\/developers.google.com\/analytics\/devguides\/collection\/analyticsjs\/cookie-usage<\/a><\/p>\n<h3>Modificaci\u00f3 de les condicions<\/h3>\n<p>Laboratori DAU es reserva expressament el dret de modificar unilateralment, totalment o parcialment, sense necessitat d\u2019av\u00eds previ, aquesta pol\u00edtica de cookies. L\u2019usuari reconeix i accepta que \u00e9s la seva responsabilitat revisar aquesta pol\u00edtica de cookies.<\/p>\n<\/div><\/div><\/div><\/div><\/div>\n","protected":false},"excerpt":{"rendered":"","protected":false},"author":1,"featured_media":0,"parent":0,"menu_order":0,"comment_status":"closed","ping_status":"closed","template":"","meta":{"_acf_changed":false,"footnotes":""},"class_list":["post-2909","page","type-page","status-publish","hentry"],"acf":[],"yoast_head":"<!-- This site is optimized with the Yoast SEO plugin v26.5 - https:\/\/yoast.com\/wordpress\/plugins\/seo\/ -->\n<title>Laboratori DAU - Pol\u00edtica de cookies<\/title>\n<meta name=\"robots\" content=\"index, follow, max-snippet:-1, max-image-preview:large, max-video-preview:-1\" \/>\n<link rel=\"canonical\" href=\"https:\/\/www.laboratoridau.com\/ca\/politica-de-cookies\/\" \/>\n<meta property=\"og:locale\" content=\"ca_ES\" \/>\n<meta property=\"og:type\" content=\"article\" \/>\n<meta property=\"og:title\" content=\"Laboratori DAU - Pol\u00edtica de cookies\" \/>\n<meta property=\"og:url\" content=\"https:\/\/www.laboratoridau.com\/ca\/politica-de-cookies\/\" \/>\n<meta property=\"og:site_name\" content=\"Laboratori DAU\" \/>\n<meta property=\"article:modified_time\" content=\"2021-09-08T17:15:01+00:00\" \/>\n<meta name=\"twitter:card\" content=\"summary_large_image\" \/>\n<meta name=\"twitter:label1\" content=\"Temps estimat de lectura\" \/>\n\t<meta name=\"twitter:data1\" content=\"9 minuts\" \/>\n<script type=\"application\/ld+json\" class=\"yoast-schema-graph\">{\"@context\":\"https:\/\/schema.org\",\"@graph\":[{\"@type\":\"WebPage\",\"@id\":\"https:\/\/www.laboratoridau.com\/ca\/politica-de-cookies\/\",\"url\":\"https:\/\/www.laboratoridau.com\/ca\/politica-de-cookies\/\",\"name\":\"Laboratori DAU - Pol\u00edtica de cookies\",\"isPartOf\":{\"@id\":\"https:\/\/www.laboratoridau.com\/ca\/#website\"},\"datePublished\":\"2021-03-13T19:40:32+00:00\",\"dateModified\":\"2021-09-08T17:15:01+00:00\",\"breadcrumb\":{\"@id\":\"https:\/\/www.laboratoridau.com\/ca\/politica-de-cookies\/#breadcrumb\"},\"inLanguage\":\"ca\",\"potentialAction\":[{\"@type\":\"ReadAction\",\"target\":[\"https:\/\/www.laboratoridau.com\/ca\/politica-de-cookies\/\"]}]},{\"@type\":\"BreadcrumbList\",\"@id\":\"https:\/\/www.laboratoridau.com\/ca\/politica-de-cookies\/#breadcrumb\",\"itemListElement\":[{\"@type\":\"ListItem\",\"position\":1,\"name\":\"Portada\",\"item\":\"https:\/\/www.laboratoridau.com\/ca\/home\/\"},{\"@type\":\"ListItem\",\"position\":2,\"name\":\"Pol\u00edtica de cookies\"}]},{\"@type\":\"WebSite\",\"@id\":\"https:\/\/www.laboratoridau.com\/ca\/#website\",\"url\":\"https:\/\/www.laboratoridau.com\/ca\/\",\"name\":\"Laboratori DAU\",\"description\":\"Control de calidad y acondicionado de productos farmac\u00e9uticos\",\"publisher\":{\"@id\":\"https:\/\/www.laboratoridau.com\/ca\/#organization\"},\"potentialAction\":[{\"@type\":\"SearchAction\",\"target\":{\"@type\":\"EntryPoint\",\"urlTemplate\":\"https:\/\/www.laboratoridau.com\/ca\/?s={search_term_string}\"},\"query-input\":{\"@type\":\"PropertyValueSpecification\",\"valueRequired\":true,\"valueName\":\"search_term_string\"}}],\"inLanguage\":\"ca\"},{\"@type\":\"Organization\",\"@id\":\"https:\/\/www.laboratoridau.com\/ca\/#organization\",\"name\":\"Laboratori DAU\",\"url\":\"https:\/\/www.laboratoridau.com\/ca\/\",\"logo\":{\"@type\":\"ImageObject\",\"inLanguage\":\"ca\",\"@id\":\"https:\/\/www.laboratoridau.com\/ca\/#\/schema\/logo\/image\/\",\"url\":\"https:\/\/www.laboratoridau.com\/wp-content\/uploads\/2021\/03\/dau-logo-header-250.png\",\"contentUrl\":\"https:\/\/www.laboratoridau.com\/wp-content\/uploads\/2021\/03\/dau-logo-header-250.png\",\"width\":250,\"height\":94,\"caption\":\"Laboratori DAU\"},\"image\":{\"@id\":\"https:\/\/www.laboratoridau.com\/ca\/#\/schema\/logo\/image\/\"}}]}<\/script>\n<!-- \/ Yoast SEO plugin. -->","yoast_head_json":{"title":"Laboratori DAU - Pol\u00edtica de cookies","robots":{"index":"index","follow":"follow","max-snippet":"max-snippet:-1","max-image-preview":"max-image-preview:large","max-video-preview":"max-video-preview:-1"},"canonical":"https:\/\/www.laboratoridau.com\/ca\/politica-de-cookies\/","og_locale":"ca_ES","og_type":"article","og_title":"Laboratori DAU - Pol\u00edtica de cookies","og_url":"https:\/\/www.laboratoridau.com\/ca\/politica-de-cookies\/","og_site_name":"Laboratori DAU","article_modified_time":"2021-09-08T17:15:01+00:00","twitter_card":"summary_large_image","twitter_misc":{"Temps estimat de lectura":"9 minuts"},"schema":{"@context":"https:\/\/schema.org","@graph":[{"@type":"WebPage","@id":"https:\/\/www.laboratoridau.com\/ca\/politica-de-cookies\/","url":"https:\/\/www.laboratoridau.com\/ca\/politica-de-cookies\/","name":"Laboratori DAU - Pol\u00edtica de cookies","isPartOf":{"@id":"https:\/\/www.laboratoridau.com\/ca\/#website"},"datePublished":"2021-03-13T19:40:32+00:00","dateModified":"2021-09-08T17:15:01+00:00","breadcrumb":{"@id":"https:\/\/www.laboratoridau.com\/ca\/politica-de-cookies\/#breadcrumb"},"inLanguage":"ca","potentialAction":[{"@type":"ReadAction","target":["https:\/\/www.laboratoridau.com\/ca\/politica-de-cookies\/"]}]},{"@type":"BreadcrumbList","@id":"https:\/\/www.laboratoridau.com\/ca\/politica-de-cookies\/#breadcrumb","itemListElement":[{"@type":"ListItem","position":1,"name":"Portada","item":"https:\/\/www.laboratoridau.com\/ca\/home\/"},{"@type":"ListItem","position":2,"name":"Pol\u00edtica de cookies"}]},{"@type":"WebSite","@id":"https:\/\/www.laboratoridau.com\/ca\/#website","url":"https:\/\/www.laboratoridau.com\/ca\/","name":"Laboratori DAU","description":"Control de calidad y acondicionado de productos farmac\u00e9uticos","publisher":{"@id":"https:\/\/www.laboratoridau.com\/ca\/#organization"},"potentialAction":[{"@type":"SearchAction","target":{"@type":"EntryPoint","urlTemplate":"https:\/\/www.laboratoridau.com\/ca\/?s={search_term_string}"},"query-input":{"@type":"PropertyValueSpecification","valueRequired":true,"valueName":"search_term_string"}}],"inLanguage":"ca"},{"@type":"Organization","@id":"https:\/\/www.laboratoridau.com\/ca\/#organization","name":"Laboratori DAU","url":"https:\/\/www.laboratoridau.com\/ca\/","logo":{"@type":"ImageObject","inLanguage":"ca","@id":"https:\/\/www.laboratoridau.com\/ca\/#\/schema\/logo\/image\/","url":"https:\/\/www.laboratoridau.com\/wp-content\/uploads\/2021\/03\/dau-logo-header-250.png","contentUrl":"https:\/\/www.laboratoridau.com\/wp-content\/uploads\/2021\/03\/dau-logo-header-250.png","width":250,"height":94,"caption":"Laboratori DAU"},"image":{"@id":"https:\/\/www.laboratoridau.com\/ca\/#\/schema\/logo\/image\/"}}]}},"_links":{"self":[{"href":"https:\/\/www.laboratoridau.com\/ca\/wp-json\/wp\/v2\/pages\/2909","targetHints":{"allow":["GET"]}}],"collection":[{"href":"https:\/\/www.laboratoridau.com\/ca\/wp-json\/wp\/v2\/pages"}],"about":[{"href":"https:\/\/www.laboratoridau.com\/ca\/wp-json\/wp\/v2\/types\/page"}],"author":[{"embeddable":true,"href":"https:\/\/www.laboratoridau.com\/ca\/wp-json\/wp\/v2\/users\/1"}],"replies":[{"embeddable":true,"href":"https:\/\/www.laboratoridau.com\/ca\/wp-json\/wp\/v2\/comments?post=2909"}],"version-history":[{"count":4,"href":"https:\/\/www.laboratoridau.com\/ca\/wp-json\/wp\/v2\/pages\/2909\/revisions"}],"predecessor-version":[{"id":2921,"href":"https:\/\/www.laboratoridau.com\/ca\/wp-json\/wp\/v2\/pages\/2909\/revisions\/2921"}],"wp:attachment":[{"href":"https:\/\/www.laboratoridau.com\/ca\/wp-json\/wp\/v2\/media?parent=2909"}],"curies":[{"name":"wp","href":"https:\/\/api.w.org\/{rel}","templated":true}]}}